{"id":6402,"date":"2019-11-24T15:44:56","date_gmt":"2019-11-24T15:44:56","guid":{"rendered":"http:\/\/sarvar.hu\/aktivitas\/kerekparturak\/"},"modified":"2019-11-24T15:59:03","modified_gmt":"2019-11-24T15:59:03","slug":"kerekparturak","status":"publish","type":"page","link":"https:\/\/sarvar.hu\/en\/aktivitas\/kerekparturak\/","title":{"rendered":"Bicycle tours"},"content":{"rendered":"\n<h2 class=\"wp-block-heading\">S\u00e1rv\u00e1ri \u00e9s k\u00f6rny\u00e9kbeli ker\u00e9kp\u00e1ros \u00fatvonalak<\/h2>\n\n\n\n<iframe style=\"display: block;\" src=\"https:\/\/www.bikemap.net\/en\/r\/3108285\/widget\/?width=425&amp;height=400&amp;unit=metric\" width=\"425\" height=\"400\" border=\"0\" frameborder=\"0\" marginheight=\"0\" marginwidth=\"0\" scrolling=\"no\"> <\/iframe>\n<div style=\"margin-top: 10px; height: 16px; color: #889EAC; font-family: sans-serif; font-size: 11px;\"><a href=\"https:\/\/www.bikemap.net\/en\/r\/3108285\/\" style=\"color:#22A9FF; text-decoration:underline;\" target=\"_blank\" rel=\"noopener noreferrer\">Cycle Route 3108285<\/a> &#8211; via <a href=\"https:\/\/www.bikemap.net\" style=\"color:#22A9FF; text-decoration:underline;\" target=\"_blank\" rel=\"noopener noreferrer\">Bikemap.net<br type=\"_moz\">\n<\/a><\/div>\n\n<iframe style=\"display: block;\" src=\"https:\/\/www.bikemap.net\/en\/r\/3105301\/widget\/?width=425&amp;height=400&amp;unit=metric\" width=\"425\" height=\"400\" border=\"0\" frameborder=\"0\" marginheight=\"0\" marginwidth=\"0\" scrolling=\"no\"> <\/iframe>\n<div style=\"margin-top: 10px; height: 16px; color: #889EAC; font-family: sans-serif; font-size: 11px;\"><a href=\"https:\/\/www.bikemap.net\/en\/r\/3105301\/\" style=\"color:#22A9FF; text-decoration:underline;\" target=\"_blank\" rel=\"noopener noreferrer\">Cycle Route 3105301<\/a> &#8211; via <a href=\"https:\/\/www.bikemap.net\" style=\"color:#22A9FF; text-decoration:underline;\" target=\"_blank\" rel=\"noopener noreferrer\">Bikemap.net<\/a><\/div>\n\n<iframe style=\"display: block;\" src=\"https:\/\/www.bikemap.net\/en\/r\/3106224\/widget\/?width=425&amp;height=400&amp;unit=metric\" width=\"425\" height=\"400\" border=\"0\" frameborder=\"0\" marginheight=\"0\" marginwidth=\"0\" scrolling=\"no\"> <\/iframe>\n<div style=\"margin-top: 10px; height: 16px; color: #889EAC; font-family: sans-serif; font-size: 11px;\"><a href=\"https:\/\/www.bikemap.net\/en\/r\/3106224\/\" style=\"color:#22A9FF; text-decoration:underline;\" target=\"_blank\" rel=\"noopener noreferrer\">Cycle Route 3106224<\/a> &#8211; via <a href=\"https:\/\/www.bikemap.net\" style=\"color:#22A9FF; text-decoration:underline;\" target=\"_blank\" rel=\"noopener noreferrer\">Bikemap.net<\/a><\/div>\n\n<iframe style=\"display: block;\" src=\"https:\/\/www.bikemap.net\/en\/r\/3106160\/widget\/?width=425&amp;height=400&amp;unit=metric\" width=\"425\" height=\"400\" border=\"0\" frameborder=\"0\" marginheight=\"0\" marginwidth=\"0\" scrolling=\"no\"> <\/iframe>\n<div style=\"margin-top: 10px; height: 16px; color: #889EAC; font-family: sans-serif; font-size: 11px;\"><a href=\"https:\/\/www.bikemap.net\/en\/r\/3106160\/\" style=\"color:#22A9FF; text-decoration:underline;\" target=\"_blank\" rel=\"noopener noreferrer\">Cycle Route 3106160<\/a> &#8211; via <a href=\"https:\/\/www.bikemap.net\" style=\"color:#22A9FF; text-decoration:underline;\" target=\"_blank\" rel=\"noopener noreferrer\">Bikemap.net<\/a><\/div>\n\n<iframe style=\"display: block;\" src=\"https:\/\/www.bikemap.net\/en\/r\/1013290\/widget\/?width=425&amp;height=400&amp;unit=metric\" width=\"425\" height=\"400\" border=\"0\" frameborder=\"0\" marginheight=\"0\" marginwidth=\"0\" scrolling=\"no\"> <\/iframe>\n<div style=\"margin-top: 10px; height: 16px; color: #889EAC; font-family: sans-serif; font-size: 11px;\"><a href=\"https:\/\/www.bikemap.net\/en\/r\/1013290\/\" style=\"color:#22A9FF; text-decoration:underline;\" target=\"_blank\" rel=\"noopener noreferrer\">Cycle Route 1013290<\/a> &#8211; via <a href=\"https:\/\/www.bikemap.net\" style=\"color:#22A9FF; text-decoration:underline;\" target=\"_blank\" rel=\"noopener noreferrer\">Bikemap.net<\/a><\/div>\n","protected":false},"excerpt":{"rendered":"<p>S\u00e1rv\u00e1ri \u00e9s k\u00f6rny\u00e9kbeli ker\u00e9kp\u00e1ros \u00fatvonalak<\/p>\n","protected":false},"author":1,"featured_media":4964,"parent":6150,"menu_order":0,"comment_status":"closed","ping_status":"closed","template":"","meta":{"_acf_changed":false,"inline_featured_image":false,"footnotes":""},"class_list":["post-6402","page","type-page","status-publish","has-post-thumbnail","hentry"],"acf":[],"yoast_head":"<!-- This site is optimized with the Yoast SEO plugin v27.4 - https:\/\/yoast.com\/product\/yoast-seo-wordpress\/ -->\n<title>Bicycle tours - S\u00e1rv\u00e1r<\/title>\n<meta name=\"robots\" content=\"index, follow, max-snippet:-1, max-image-preview:large, max-video-preview:-1\" \/>\n<link rel=\"canonical\" href=\"https:\/\/sarvar.hu\/en\/aktivitas\/kerekparturak\/\" \/>\n<meta property=\"og:locale\" content=\"en_US\" \/>\n<meta property=\"og:type\" content=\"article\" \/>\n<meta property=\"og:title\" content=\"Bicycle tours - S\u00e1rv\u00e1r\" \/>\n<meta property=\"og:description\" content=\"S\u00e1rv\u00e1ri \u00e9s k\u00f6rny\u00e9kbeli ker\u00e9kp\u00e1ros \u00fatvonalak\" \/>\n<meta property=\"og:url\" content=\"https:\/\/sarvar.hu\/en\/aktivitas\/kerekparturak\/\" \/>\n<meta property=\"og:site_name\" content=\"S\u00e1rv\u00e1r\" \/>\n<meta property=\"article:publisher\" content=\"https:\/\/www.facebook.com\/tdmsarvar\" \/>\n<meta property=\"article:modified_time\" content=\"2019-11-24T15:59:03+00:00\" \/>\n<meta property=\"og:image\" content=\"https:\/\/sarvar.hu\/wp-content\/uploads\/2019\/10\/akt\u00edv-wellness-h\u00e9tv\u00e9ge-1024x683.jpg\" \/>\n\t<meta property=\"og:image:width\" content=\"1024\" \/>\n\t<meta property=\"og:image:height\" content=\"683\" \/>\n\t<meta property=\"og:image:type\" content=\"image\/jpeg\" \/>\n<meta name=\"twitter:card\" content=\"summary_large_image\" \/>\n<script type=\"application\/ld+json\" class=\"yoast-schema-graph\">{\"@context\":\"https:\\\/\\\/schema.org\",\"@graph\":[{\"@type\":\"WebPage\",\"@id\":\"https:\\\/\\\/sarvar.hu\\\/en\\\/aktivitas\\\/kerekparturak\\\/\",\"url\":\"https:\\\/\\\/sarvar.hu\\\/en\\\/aktivitas\\\/kerekparturak\\\/\",\"name\":\"Bicycle tours - S\u00e1rv\u00e1r\",\"isPartOf\":{\"@id\":\"https:\\\/\\\/sarvar.hu\\\/#website\"},\"primaryImageOfPage\":{\"@id\":\"https:\\\/\\\/sarvar.hu\\\/en\\\/aktivitas\\\/kerekparturak\\\/#primaryimage\"},\"image\":{\"@id\":\"https:\\\/\\\/sarvar.hu\\\/en\\\/aktivitas\\\/kerekparturak\\\/#primaryimage\"},\"thumbnailUrl\":\"https:\\\/\\\/i0.wp.com\\\/sarvar.hu\\\/wp-content\\\/uploads\\\/2019\\\/10\\\/akt%C3%ADv-wellness-h%C3%A9tv%C3%A9ge.jpg?fit=2500%2C1667&ssl=1\",\"datePublished\":\"2019-11-24T15:44:56+00:00\",\"dateModified\":\"2019-11-24T15:59:03+00:00\",\"breadcrumb\":{\"@id\":\"https:\\\/\\\/sarvar.hu\\\/en\\\/aktivitas\\\/kerekparturak\\\/#breadcrumb\"},\"inLanguage\":\"en-US\",\"potentialAction\":[{\"@type\":\"ReadAction\",\"target\":[\"https:\\\/\\\/sarvar.hu\\\/en\\\/aktivitas\\\/kerekparturak\\\/\"]}]},{\"@type\":\"ImageObject\",\"inLanguage\":\"en-US\",\"@id\":\"https:\\\/\\\/sarvar.hu\\\/en\\\/aktivitas\\\/kerekparturak\\\/#primaryimage\",\"url\":\"https:\\\/\\\/i0.wp.com\\\/sarvar.hu\\\/wp-content\\\/uploads\\\/2019\\\/10\\\/akt%C3%ADv-wellness-h%C3%A9tv%C3%A9ge.jpg?fit=2500%2C1667&ssl=1\",\"contentUrl\":\"https:\\\/\\\/i0.wp.com\\\/sarvar.hu\\\/wp-content\\\/uploads\\\/2019\\\/10\\\/akt%C3%ADv-wellness-h%C3%A9tv%C3%A9ge.jpg?fit=2500%2C1667&ssl=1\",\"width\":2500,\"height\":1667,\"caption\":\"Ker\u00e9kp\u00e1r foglal\u00e1s S\u00e1rv\u00e1ron\"},{\"@type\":\"BreadcrumbList\",\"@id\":\"https:\\\/\\\/sarvar.hu\\\/en\\\/aktivitas\\\/kerekparturak\\\/#breadcrumb\",\"itemListElement\":[{\"@type\":\"ListItem\",\"position\":1,\"name\":\"Home\",\"item\":\"https:\\\/\\\/sarvar.hu\\\/en\\\/\"},{\"@type\":\"ListItem\",\"position\":2,\"name\":\"Leisure\",\"item\":\"https:\\\/\\\/sarvar.hu\\\/en\\\/aktivitas\\\/\"},{\"@type\":\"ListItem\",\"position\":3,\"name\":\"Bicycle tours\"}]},{\"@type\":\"WebSite\",\"@id\":\"https:\\\/\\\/sarvar.hu\\\/#website\",\"url\":\"https:\\\/\\\/sarvar.hu\\\/\",\"name\":\"S\u00e1rv\u00e1r\",\"description\":\"S\u00e1rv\u00e1ri sz\u00e1ll\u00e1shelyek, \u00e9ttermek, programok, l\u00e1tnival\u00f3k \u00e9s inform\u00e1ci\u00f3k - mind egy helyen S\u00e1rv\u00e1rr\u00f3l\",\"potentialAction\":[{\"@type\":\"SearchAction\",\"target\":{\"@type\":\"EntryPoint\",\"urlTemplate\":\"https:\\\/\\\/sarvar.hu\\\/?s={search_term_string}\"},\"query-input\":{\"@type\":\"PropertyValueSpecification\",\"valueRequired\":true,\"valueName\":\"search_term_string\"}}],\"inLanguage\":\"en-US\"}]}<\/script>\n<!-- \/ Yoast SEO plugin. -->","yoast_head_json":{"title":"Bicycle tours - S\u00e1rv\u00e1r","robots":{"index":"index","follow":"follow","max-snippet":"max-snippet:-1","max-image-preview":"max-image-preview:large","max-video-preview":"max-video-preview:-1"},"canonical":"https:\/\/sarvar.hu\/en\/aktivitas\/kerekparturak\/","og_locale":"en_US","og_type":"article","og_title":"Bicycle tours - S\u00e1rv\u00e1r","og_description":"S\u00e1rv\u00e1ri \u00e9s k\u00f6rny\u00e9kbeli ker\u00e9kp\u00e1ros \u00fatvonalak","og_url":"https:\/\/sarvar.hu\/en\/aktivitas\/kerekparturak\/","og_site_name":"S\u00e1rv\u00e1r","article_publisher":"https:\/\/www.facebook.com\/tdmsarvar","article_modified_time":"2019-11-24T15:59:03+00:00","og_image":[{"width":1024,"height":683,"url":"https:\/\/sarvar.hu\/wp-content\/uploads\/2019\/10\/akt\u00edv-wellness-h\u00e9tv\u00e9ge-1024x683.jpg","type":"image\/jpeg"}],"twitter_card":"summary_large_image","schema":{"@context":"https:\/\/schema.org","@graph":[{"@type":"WebPage","@id":"https:\/\/sarvar.hu\/en\/aktivitas\/kerekparturak\/","url":"https:\/\/sarvar.hu\/en\/aktivitas\/kerekparturak\/","name":"Bicycle tours - S\u00e1rv\u00e1r","isPartOf":{"@id":"https:\/\/sarvar.hu\/#website"},"primaryImageOfPage":{"@id":"https:\/\/sarvar.hu\/en\/aktivitas\/kerekparturak\/#primaryimage"},"image":{"@id":"https:\/\/sarvar.hu\/en\/aktivitas\/kerekparturak\/#primaryimage"},"thumbnailUrl":"https:\/\/i0.wp.com\/sarvar.hu\/wp-content\/uploads\/2019\/10\/akt%C3%ADv-wellness-h%C3%A9tv%C3%A9ge.jpg?fit=2500%2C1667&ssl=1","datePublished":"2019-11-24T15:44:56+00:00","dateModified":"2019-11-24T15:59:03+00:00","breadcrumb":{"@id":"https:\/\/sarvar.hu\/en\/aktivitas\/kerekparturak\/#breadcrumb"},"inLanguage":"en-US","potentialAction":[{"@type":"ReadAction","target":["https:\/\/sarvar.hu\/en\/aktivitas\/kerekparturak\/"]}]},{"@type":"ImageObject","inLanguage":"en-US","@id":"https:\/\/sarvar.hu\/en\/aktivitas\/kerekparturak\/#primaryimage","url":"https:\/\/i0.wp.com\/sarvar.hu\/wp-content\/uploads\/2019\/10\/akt%C3%ADv-wellness-h%C3%A9tv%C3%A9ge.jpg?fit=2500%2C1667&ssl=1","contentUrl":"https:\/\/i0.wp.com\/sarvar.hu\/wp-content\/uploads\/2019\/10\/akt%C3%ADv-wellness-h%C3%A9tv%C3%A9ge.jpg?fit=2500%2C1667&ssl=1","width":2500,"height":1667,"caption":"Ker\u00e9kp\u00e1r foglal\u00e1s S\u00e1rv\u00e1ron"},{"@type":"BreadcrumbList","@id":"https:\/\/sarvar.hu\/en\/aktivitas\/kerekparturak\/#breadcrumb","itemListElement":[{"@type":"ListItem","position":1,"name":"Home","item":"https:\/\/sarvar.hu\/en\/"},{"@type":"ListItem","position":2,"name":"Leisure","item":"https:\/\/sarvar.hu\/en\/aktivitas\/"},{"@type":"ListItem","position":3,"name":"Bicycle tours"}]},{"@type":"WebSite","@id":"https:\/\/sarvar.hu\/#website","url":"https:\/\/sarvar.hu\/","name":"S\u00e1rv\u00e1r","description":"S\u00e1rv\u00e1ri sz\u00e1ll\u00e1shelyek, \u00e9ttermek, programok, l\u00e1tnival\u00f3k \u00e9s inform\u00e1ci\u00f3k - mind egy helyen S\u00e1rv\u00e1rr\u00f3l","potentialAction":[{"@type":"SearchAction","target":{"@type":"EntryPoint","urlTemplate":"https:\/\/sarvar.hu\/?s={search_term_string}"},"query-input":{"@type":"PropertyValueSpecification","valueRequired":true,"valueName":"search_term_string"}}],"inLanguage":"en-US"}]}},"jetpack_sharing_enabled":true,"_links":{"self":[{"href":"https:\/\/sarvar.hu\/en\/wp-json\/wp\/v2\/pages\/6402","targetHints":{"allow":["GET"]}}],"collection":[{"href":"https:\/\/sarvar.hu\/en\/wp-json\/wp\/v2\/pages"}],"about":[{"href":"https:\/\/sarvar.hu\/en\/wp-json\/wp\/v2\/types\/page"}],"author":[{"embeddable":true,"href":"https:\/\/sarvar.hu\/en\/wp-json\/wp\/v2\/users\/1"}],"replies":[{"embeddable":true,"href":"https:\/\/sarvar.hu\/en\/wp-json\/wp\/v2\/comments?post=6402"}],"version-history":[{"count":0,"href":"https:\/\/sarvar.hu\/en\/wp-json\/wp\/v2\/pages\/6402\/revisions"}],"up":[{"embeddable":true,"href":"https:\/\/sarvar.hu\/en\/wp-json\/wp\/v2\/pages\/6150"}],"wp:featuredmedia":[{"embeddable":true,"href":"https:\/\/sarvar.hu\/en\/wp-json\/wp\/v2\/media\/4964"}],"wp:attachment":[{"href":"https:\/\/sarvar.hu\/en\/wp-json\/wp\/v2\/media?parent=6402"}],"curies":[{"name":"wp","href":"https:\/\/api.w.org\/{rel}","templated":true}]}}