{"id":13068,"date":"2022-05-13T09:48:02","date_gmt":"2022-05-13T09:48:02","guid":{"rendered":"https:\/\/sarvar.hu\/?page_id=13068"},"modified":"2022-05-13T09:48:02","modified_gmt":"2022-05-13T09:48:02","slug":"sihu","status":"publish","type":"page","link":"https:\/\/sarvar.hu\/pl\/aktywnosc\/sihu\/","title":{"rendered":"Sihu"},"content":{"rendered":"\n<h1 class=\"wp-block-heading\">Idealny \u015brodek komunikacji publicznej podczas urlopu lub weekendu z wellness.<\/h1>\n\n\n\n<p>Nie jest \u0142atwo odwiedzi\u0107 wszystkie atrakcje S\u00e1rv\u00e1r. Zw\u0142aszcza tym, kt\u00f3rzy nie s\u0105 wysportowani. W\u0142a\u015bnie im przede wszystkim polecamy korzystanie z s\u00e1rv\u00e1rskiej kolejki turystycznej. Ale Ciufcia-Sihu mo\u017ce by\u0107 r\u00f3wnie\u017c idealnym rozwi\u0105zaniem dla transportu lokalnego. Na przyk\u0142ad, je\u015bli twoja kwatera znajduje si\u0119 troch\u0119 dalej od k\u0105pieliska, mo\u017cesz wskoczy\u0107 na ni\u0105 i dojecha\u0107 do stacji docelowej. Ma\u0142a kolejka kursuje po ca\u0142ym mie\u015bcie S\u00e1rv\u00e1r, jednym s\u0142owem warto wi\u0119c chocia\u017c raz przejecha\u0107 si\u0119 ni\u0105 podczas urlopu, odpoczynku z wellness.<\/p>\n\n\n\n<figure class=\"wp-block-pullquote\" style=\"border-color:#efefef\"><blockquote class=\"has-text-color has-green-color\"><p>Kolejka turystyczna Sihu, specjalnie zaprojektowana dla turyst\u00f3w jest \u015brodkiem komunikacyjnym odpowiadaj\u0105cym wymogom europejskim i jest sama w sobie atrakcj\u0105 turystyczn\u0105.<\/p><\/blockquote><\/figure>\n\n\n\n<p>Kolejka turystyczna ma 2 wagony i mo\u017ce przewie\u017a\u0107 56 os\u00f3b. Wagony pod\u0105\u017caj\u0105 w \u015blad za lokomotyw\u0105, dzi\u0119ki czemu bezpiecznie poruszaj\u0105 si\u0119 w t\u0142umie lub nawet w w\u0105skich uliczkach. Ma\u0142a kolejka pokonuje 13 km w mie\u015bcie w ci\u0105gu oko\u0142o 50 minut.<\/p>\n\n\n\n<figure class=\"wp-block-image size-large\"><img data-recalc-dims=\"1\" decoding=\"async\" width=\"740\" height=\"493\" src=\"https:\/\/i0.wp.com\/sarvar.hu\/wp-content\/uploads\/2021\/07\/24IMG_7842.jpg?resize=740%2C493&#038;ssl=1\" alt=\"\" class=\"wp-image-10455\" srcset=\"https:\/\/i0.wp.com\/sarvar.hu\/wp-content\/uploads\/2021\/07\/24IMG_7842.jpg?resize=1024%2C682&amp;ssl=1 1024w, https:\/\/i0.wp.com\/sarvar.hu\/wp-content\/uploads\/2021\/07\/24IMG_7842.jpg?resize=300%2C200&amp;ssl=1 300w, https:\/\/i0.wp.com\/sarvar.hu\/wp-content\/uploads\/2021\/07\/24IMG_7842.jpg?resize=768%2C511&amp;ssl=1 768w, https:\/\/i0.wp.com\/sarvar.hu\/wp-content\/uploads\/2021\/07\/24IMG_7842.jpg?resize=1536%2C1023&amp;ssl=1 1536w, https:\/\/i0.wp.com\/sarvar.hu\/wp-content\/uploads\/2021\/07\/24IMG_7842.jpg?resize=1400%2C932&amp;ssl=1 1400w, https:\/\/i0.wp.com\/sarvar.hu\/wp-content\/uploads\/2021\/07\/24IMG_7842.jpg?resize=700%2C465&amp;ssl=1 700w, https:\/\/i0.wp.com\/sarvar.hu\/wp-content\/uploads\/2021\/07\/24IMG_7842.jpg?w=2000&amp;ssl=1 2000w, https:\/\/i0.wp.com\/sarvar.hu\/wp-content\/uploads\/2021\/07\/24IMG_7842.jpg?w=1480&amp;ssl=1 1480w\" sizes=\"(max-width: 740px) 100vw, 740px\" \/><\/figure>\n\n\n\n<p>Trasa zosta\u0142a zaprojektowana z my\u015bl\u0105 o \u0142atwym dost\u0119pie do g\u0142\u00f3wnych atrakcji turystycznych, hoteli, restauracji i pensjonat\u00f3w. Wykonana na zam\u00f3wienie kolejka zapewni wszystkim niezak\u0142\u00f3cony relaks i niezapomniane wra\u017cenia.<\/p>\n\n\n\n<h2 class=\"wp-block-heading\"><strong><strong>Us\u0142ugi:<\/strong><\/strong><\/h2>\n\n\n\n<p>Grupy z w\u0142asnym przewodnikiem mog\u0105 te\u017c skorzysta\u0107 z w\u0142asnego systemu audio z mikrofonem kolejki. Kolejk\u0119 Sihu mo\u017cna te\u017c wypo\u017cyczy\u0107 na r\u00f3\u017cne okazje.<\/p>\n\n\n\n<p>W celu uzyskania o tym szczeg\u00f3\u0142owych informacji podajemy poni\u017cszy kontakt:<\/p>\n\n\n\n<ul class=\"wp-block-list\"><li>Telefon: +36 20\/ 936 7109<\/li><li>E-mail:\u00a0<a href=\"mailto:sarvarkisvonat@gmail.com\">sarvarkisvonat@gmail.com<\/a><\/li><li>Web:\u00a0<a href=\"http:\/\/sarvarkisvonat.hu\/\">sarvarkisvonat.hu<\/a><\/li><\/ul>\n\n\n\n<h2 class=\"wp-block-heading\" id=\"menetrend\"><strong>Menetrend:&nbsp;<\/strong><\/h2>\n\n\n\n<figure class=\"wp-block-image size-large is-resized\"><img data-recalc-dims=\"1\" decoding=\"async\" src=\"https:\/\/i0.wp.com\/sarvar.hu\/wp-content\/uploads\/2021\/07\/menetrend.jpg?resize=740%2C526&#038;ssl=1\" alt=\"\" class=\"wp-image-10449\" width=\"740\" height=\"526\" srcset=\"https:\/\/i0.wp.com\/sarvar.hu\/wp-content\/uploads\/2021\/07\/menetrend.jpg?resize=1024%2C728&amp;ssl=1 1024w, https:\/\/i0.wp.com\/sarvar.hu\/wp-content\/uploads\/2021\/07\/menetrend.jpg?resize=300%2C213&amp;ssl=1 300w, https:\/\/i0.wp.com\/sarvar.hu\/wp-content\/uploads\/2021\/07\/menetrend.jpg?resize=768%2C546&amp;ssl=1 768w, https:\/\/i0.wp.com\/sarvar.hu\/wp-content\/uploads\/2021\/07\/menetrend.jpg?w=1400&amp;ssl=1 1400w\" sizes=\"(max-width: 740px) 100vw, 740px\" \/><figcaption>S\u00e1rv\u00e1ri kisvonat menetrend<\/figcaption><\/figure>\n\n\n\n<pre class=\"wp-block-preformatted\">Ca\u0142y przejazd po trasie trwa oko\u0142o godziny. Przystanki zosta\u0142y zaprojektowane w taki spos\u00f3b, aby zapewni\u0107 naszym go\u015bciom \u0142atwy dost\u0119p do najwa\u017cniejszych atrakcji miasta S\u00e1rv\u00e1r. Podane godziny odjazdu z ka\u017cdego przystanku mog\u0105 by\u0107 op\u00f3\u017anione o kilka minut z powodu ruchu drogowego. <a href=\"http:\/\/sarvarkisvonat.hu\/index_en.html\" target=\"_blank\" rel=\"noreferrer noopener\">Aktualny rozk\u0142ad jazdy Ciuchci-Sihu znajdziesz tutaj.<\/a>\n\nNa kolejk\u0119 turystyczn\u0105 mo\u017cna kupi\u0107 te\u017c bilety jednodniowe, tygodniowe i trzydniowe. Tak wi\u0119c ci, kt\u00f3rzy przyje\u017cd\u017caj\u0105 do S\u00e1rv\u00e1r na wellnessowy weekend, mog\u0105 r\u00f3wnie\u017c kupi\u0107 oszcz\u0119dno\u015bciowy bilet okresowy na przejazdy lokalne.\n\nA v\u00e1rosn\u00e9z\u0151 kisvonatra <strong>napi, heti \u00e9s h\u00e1rom napos jegy is v\u00e1lthat\u00f3<\/strong>. \u00cdgy akik wellness h\u00e9tv\u00e9g\u00e9re j\u00f6nnek S\u00e1rv\u00e1rra, gazdas\u00e1gos b\u00e9rletet is v\u00e1lthatnak a helyij\u00e1ratos utaz\u00e1shoz.<\/pre>\n","protected":false},"excerpt":{"rendered":"<p>Idealny \u015brodek komunikacji publicznej podczas urlopu lub weekendu z wellness. Nie jest \u0142atwo odwiedzi\u0107 wszystkie atrakcje S\u00e1rv\u00e1r. Zw\u0142aszcza tym, kt\u00f3rzy nie s\u0105 wysportowani. W\u0142a\u015bnie im przede wszystkim polecamy korzystanie z s\u00e1rv\u00e1rskiej kolejki turystycznej. Ale Ciufcia-Sihu mo\u017ce by\u0107 r\u00f3wnie\u017c idealnym rozwi\u0105zaniem dla transportu lokalnego. Na przyk\u0142ad, je\u015bli twoja kwatera znajduje si\u0119 troch\u0119 dalej od k\u0105pieliska, mo\u017cesz [&hellip;]<\/p>\n","protected":false},"author":1,"featured_media":12383,"parent":12731,"menu_order":0,"comment_status":"closed","ping_status":"closed","template":"","meta":{"_acf_changed":false,"inline_featured_image":false,"footnotes":""},"class_list":["post-13068","page","type-page","status-publish","has-post-thumbnail","hentry"],"acf":[],"yoast_head":"<!-- This site is optimized with the Yoast SEO plugin v27.4 - https:\/\/yoast.com\/product\/yoast-seo-wordpress\/ -->\n<title>Sihu - S\u00e1rv\u00e1r<\/title>\n<meta name=\"robots\" content=\"index, follow, max-snippet:-1, max-image-preview:large, max-video-preview:-1\" \/>\n<link rel=\"canonical\" href=\"https:\/\/sarvar.hu\/pl\/aktywnosc\/sihu\/\" \/>\n<meta property=\"og:locale\" content=\"pl_PL\" \/>\n<meta property=\"og:type\" content=\"article\" \/>\n<meta property=\"og:title\" content=\"Sihu - S\u00e1rv\u00e1r\" \/>\n<meta property=\"og:description\" content=\"Idealny \u015brodek komunikacji publicznej podczas urlopu lub weekendu z wellness. Nie jest \u0142atwo odwiedzi\u0107 wszystkie atrakcje S\u00e1rv\u00e1r. Zw\u0142aszcza tym, kt\u00f3rzy nie s\u0105 wysportowani. W\u0142a\u015bnie im przede wszystkim polecamy korzystanie z s\u00e1rv\u00e1rskiej kolejki turystycznej. Ale Ciufcia-Sihu mo\u017ce by\u0107 r\u00f3wnie\u017c idealnym rozwi\u0105zaniem dla transportu lokalnego. Na przyk\u0142ad, je\u015bli twoja kwatera znajduje si\u0119 troch\u0119 dalej od k\u0105pieliska, mo\u017cesz [&hellip;]\" \/>\n<meta property=\"og:url\" content=\"https:\/\/sarvar.hu\/pl\/aktywnosc\/sihu\/\" \/>\n<meta property=\"og:site_name\" content=\"S\u00e1rv\u00e1r\" \/>\n<meta property=\"article:publisher\" content=\"https:\/\/www.facebook.com\/tdmsarvar\" \/>\n<meta property=\"og:image\" content=\"https:\/\/sarvar.hu\/wp-content\/uploads\/2021\/07\/25IMG_7828-scaled.jpg\" \/>\n\t<meta property=\"og:image:width\" content=\"2560\" \/>\n\t<meta property=\"og:image:height\" content=\"1628\" \/>\n\t<meta property=\"og:image:type\" content=\"image\/jpeg\" \/>\n<meta name=\"twitter:card\" content=\"summary_large_image\" \/>\n<meta name=\"twitter:label1\" content=\"Szacowany czas czytania\" \/>\n\t<meta name=\"twitter:data1\" content=\"3 minuty\" \/>\n<script type=\"application\/ld+json\" class=\"yoast-schema-graph\">{\"@context\":\"https:\\\/\\\/schema.org\",\"@graph\":[{\"@type\":\"WebPage\",\"@id\":\"https:\\\/\\\/sarvar.hu\\\/pl\\\/aktywnosc\\\/sihu\\\/\",\"url\":\"https:\\\/\\\/sarvar.hu\\\/pl\\\/aktywnosc\\\/sihu\\\/\",\"name\":\"Sihu - S\u00e1rv\u00e1r\",\"isPartOf\":{\"@id\":\"https:\\\/\\\/sarvar.hu\\\/#website\"},\"primaryImageOfPage\":{\"@id\":\"https:\\\/\\\/sarvar.hu\\\/pl\\\/aktywnosc\\\/sihu\\\/#primaryimage\"},\"image\":{\"@id\":\"https:\\\/\\\/sarvar.hu\\\/pl\\\/aktywnosc\\\/sihu\\\/#primaryimage\"},\"thumbnailUrl\":\"https:\\\/\\\/i0.wp.com\\\/sarvar.hu\\\/wp-content\\\/uploads\\\/2021\\\/07\\\/25IMG_7828-scaled.jpg?fit=2560%2C1628&ssl=1\",\"datePublished\":\"2022-05-13T09:48:02+00:00\",\"breadcrumb\":{\"@id\":\"https:\\\/\\\/sarvar.hu\\\/pl\\\/aktywnosc\\\/sihu\\\/#breadcrumb\"},\"inLanguage\":\"pl-PL\",\"potentialAction\":[{\"@type\":\"ReadAction\",\"target\":[\"https:\\\/\\\/sarvar.hu\\\/pl\\\/aktywnosc\\\/sihu\\\/\"]}]},{\"@type\":\"ImageObject\",\"inLanguage\":\"pl-PL\",\"@id\":\"https:\\\/\\\/sarvar.hu\\\/pl\\\/aktywnosc\\\/sihu\\\/#primaryimage\",\"url\":\"https:\\\/\\\/i0.wp.com\\\/sarvar.hu\\\/wp-content\\\/uploads\\\/2021\\\/07\\\/25IMG_7828-scaled.jpg?fit=2560%2C1628&ssl=1\",\"contentUrl\":\"https:\\\/\\\/i0.wp.com\\\/sarvar.hu\\\/wp-content\\\/uploads\\\/2021\\\/07\\\/25IMG_7828-scaled.jpg?fit=2560%2C1628&ssl=1\",\"width\":2560,\"height\":1628},{\"@type\":\"BreadcrumbList\",\"@id\":\"https:\\\/\\\/sarvar.hu\\\/pl\\\/aktywnosc\\\/sihu\\\/#breadcrumb\",\"itemListElement\":[{\"@type\":\"ListItem\",\"position\":1,\"name\":\"Kezd\u0151lap\",\"item\":\"https:\\\/\\\/sarvar.hu\\\/pl\\\/\"},{\"@type\":\"ListItem\",\"position\":2,\"name\":\"Aktywno\u015b\u0107\",\"item\":\"https:\\\/\\\/sarvar.hu\\\/pl\\\/aktywnosc\\\/\"},{\"@type\":\"ListItem\",\"position\":3,\"name\":\"Sihu\"}]},{\"@type\":\"WebSite\",\"@id\":\"https:\\\/\\\/sarvar.hu\\\/#website\",\"url\":\"https:\\\/\\\/sarvar.hu\\\/\",\"name\":\"S\u00e1rv\u00e1r\",\"description\":\"S\u00e1rv\u00e1ri sz\u00e1ll\u00e1shelyek, \u00e9ttermek, programok, l\u00e1tnival\u00f3k \u00e9s inform\u00e1ci\u00f3k - mind egy helyen S\u00e1rv\u00e1rr\u00f3l\",\"potentialAction\":[{\"@type\":\"SearchAction\",\"target\":{\"@type\":\"EntryPoint\",\"urlTemplate\":\"https:\\\/\\\/sarvar.hu\\\/?s={search_term_string}\"},\"query-input\":{\"@type\":\"PropertyValueSpecification\",\"valueRequired\":true,\"valueName\":\"search_term_string\"}}],\"inLanguage\":\"pl-PL\"}]}<\/script>\n<!-- \/ Yoast SEO plugin. -->","yoast_head_json":{"title":"Sihu - S\u00e1rv\u00e1r","robots":{"index":"index","follow":"follow","max-snippet":"max-snippet:-1","max-image-preview":"max-image-preview:large","max-video-preview":"max-video-preview:-1"},"canonical":"https:\/\/sarvar.hu\/pl\/aktywnosc\/sihu\/","og_locale":"pl_PL","og_type":"article","og_title":"Sihu - S\u00e1rv\u00e1r","og_description":"Idealny \u015brodek komunikacji publicznej podczas urlopu lub weekendu z wellness. Nie jest \u0142atwo odwiedzi\u0107 wszystkie atrakcje S\u00e1rv\u00e1r. Zw\u0142aszcza tym, kt\u00f3rzy nie s\u0105 wysportowani. W\u0142a\u015bnie im przede wszystkim polecamy korzystanie z s\u00e1rv\u00e1rskiej kolejki turystycznej. Ale Ciufcia-Sihu mo\u017ce by\u0107 r\u00f3wnie\u017c idealnym rozwi\u0105zaniem dla transportu lokalnego. Na przyk\u0142ad, je\u015bli twoja kwatera znajduje si\u0119 troch\u0119 dalej od k\u0105pieliska, mo\u017cesz [&hellip;]","og_url":"https:\/\/sarvar.hu\/pl\/aktywnosc\/sihu\/","og_site_name":"S\u00e1rv\u00e1r","article_publisher":"https:\/\/www.facebook.com\/tdmsarvar","og_image":[{"width":2560,"height":1628,"url":"https:\/\/sarvar.hu\/wp-content\/uploads\/2021\/07\/25IMG_7828-scaled.jpg","type":"image\/jpeg"}],"twitter_card":"summary_large_image","twitter_misc":{"Szacowany czas czytania":"3 minuty"},"schema":{"@context":"https:\/\/schema.org","@graph":[{"@type":"WebPage","@id":"https:\/\/sarvar.hu\/pl\/aktywnosc\/sihu\/","url":"https:\/\/sarvar.hu\/pl\/aktywnosc\/sihu\/","name":"Sihu - S\u00e1rv\u00e1r","isPartOf":{"@id":"https:\/\/sarvar.hu\/#website"},"primaryImageOfPage":{"@id":"https:\/\/sarvar.hu\/pl\/aktywnosc\/sihu\/#primaryimage"},"image":{"@id":"https:\/\/sarvar.hu\/pl\/aktywnosc\/sihu\/#primaryimage"},"thumbnailUrl":"https:\/\/i0.wp.com\/sarvar.hu\/wp-content\/uploads\/2021\/07\/25IMG_7828-scaled.jpg?fit=2560%2C1628&ssl=1","datePublished":"2022-05-13T09:48:02+00:00","breadcrumb":{"@id":"https:\/\/sarvar.hu\/pl\/aktywnosc\/sihu\/#breadcrumb"},"inLanguage":"pl-PL","potentialAction":[{"@type":"ReadAction","target":["https:\/\/sarvar.hu\/pl\/aktywnosc\/sihu\/"]}]},{"@type":"ImageObject","inLanguage":"pl-PL","@id":"https:\/\/sarvar.hu\/pl\/aktywnosc\/sihu\/#primaryimage","url":"https:\/\/i0.wp.com\/sarvar.hu\/wp-content\/uploads\/2021\/07\/25IMG_7828-scaled.jpg?fit=2560%2C1628&ssl=1","contentUrl":"https:\/\/i0.wp.com\/sarvar.hu\/wp-content\/uploads\/2021\/07\/25IMG_7828-scaled.jpg?fit=2560%2C1628&ssl=1","width":2560,"height":1628},{"@type":"BreadcrumbList","@id":"https:\/\/sarvar.hu\/pl\/aktywnosc\/sihu\/#breadcrumb","itemListElement":[{"@type":"ListItem","position":1,"name":"Kezd\u0151lap","item":"https:\/\/sarvar.hu\/pl\/"},{"@type":"ListItem","position":2,"name":"Aktywno\u015b\u0107","item":"https:\/\/sarvar.hu\/pl\/aktywnosc\/"},{"@type":"ListItem","position":3,"name":"Sihu"}]},{"@type":"WebSite","@id":"https:\/\/sarvar.hu\/#website","url":"https:\/\/sarvar.hu\/","name":"S\u00e1rv\u00e1r","description":"S\u00e1rv\u00e1ri sz\u00e1ll\u00e1shelyek, \u00e9ttermek, programok, l\u00e1tnival\u00f3k \u00e9s inform\u00e1ci\u00f3k - mind egy helyen S\u00e1rv\u00e1rr\u00f3l","potentialAction":[{"@type":"SearchAction","target":{"@type":"EntryPoint","urlTemplate":"https:\/\/sarvar.hu\/?s={search_term_string}"},"query-input":{"@type":"PropertyValueSpecification","valueRequired":true,"valueName":"search_term_string"}}],"inLanguage":"pl-PL"}]}},"jetpack_sharing_enabled":true,"_links":{"self":[{"href":"https:\/\/sarvar.hu\/pl\/wp-json\/wp\/v2\/pages\/13068","targetHints":{"allow":["GET"]}}],"collection":[{"href":"https:\/\/sarvar.hu\/pl\/wp-json\/wp\/v2\/pages"}],"about":[{"href":"https:\/\/sarvar.hu\/pl\/wp-json\/wp\/v2\/types\/page"}],"author":[{"embeddable":true,"href":"https:\/\/sarvar.hu\/pl\/wp-json\/wp\/v2\/users\/1"}],"replies":[{"embeddable":true,"href":"https:\/\/sarvar.hu\/pl\/wp-json\/wp\/v2\/comments?post=13068"}],"version-history":[{"count":0,"href":"https:\/\/sarvar.hu\/pl\/wp-json\/wp\/v2\/pages\/13068\/revisions"}],"up":[{"embeddable":true,"href":"https:\/\/sarvar.hu\/pl\/wp-json\/wp\/v2\/pages\/12731"}],"wp:featuredmedia":[{"embeddable":true,"href":"https:\/\/sarvar.hu\/pl\/wp-json\/wp\/v2\/media\/12383"}],"wp:attachment":[{"href":"https:\/\/sarvar.hu\/pl\/wp-json\/wp\/v2\/media?parent=13068"}],"curies":[{"name":"wp","href":"https:\/\/api.w.org\/{rel}","templated":true}]}}